{"id":1086,"date":"2025-01-08T16:19:01","date_gmt":"2025-01-08T16:19:01","guid":{"rendered":"https:\/\/mwmcompany.pl\/?page_id=1086"},"modified":"2025-03-07T20:23:51","modified_gmt":"2025-03-07T20:23:51","slug":"scania","status":"publish","type":"page","link":"https:\/\/mwmcompany.pl\/pl\/scania\/","title":{"rendered":"scania"},"content":{"rendered":"<div data-elementor-type=\"wp-page\" data-elementor-id=\"1086\" class=\"elementor elementor-1086\" data-elementor-post-type=\"page\">\n\t\t\t\t\t\t<section class=\"elementor-section elementor-top-section elementor-element elementor-element-91d867d elementor-section-boxed elementor-section-height-default elementor-section-height-default\" data-id=\"91d867d\" data-element_type=\"section\">\n\t\t\t\t\t\t<div class=\"elementor-container elementor-column-gap-default\">\n\t\t\t\t\t<div class=\"elementor-column elementor-col-100 elementor-top-column elementor-element elementor-element-4fd67075\" data-id=\"4fd67075\" data-element_type=\"column\">\n\t\t\t<div class=\"elementor-widget-wrap elementor-element-populated\">\n\t\t\t\t\t\t<div class=\"elementor-element elementor-element-2b7c7b8b elementor-widget elementor-widget-image\" data-id=\"2b7c7b8b\" data-element_type=\"widget\" data-widget_type=\"image.default\">\n\t\t\t\t<div class=\"elementor-widget-container\">\n\t\t\t<style>\/*! elementor - v3.22.0 - 26-06-2024 *\/\n.elementor-widget-image{text-align:center}.elementor-widget-image a{display:inline-block}.elementor-widget-image a img[src$=\".svg\"]{width:48px}.elementor-widget-image img{vertical-align:middle;display:inline-block}<\/style>\t\t\t\t\t\t\t\t\t\t<img decoding=\"async\" width=\"300\" height=\"56\" src=\"https:\/\/mwmcompany.pl\/wp-content\/uploads\/2025\/03\/Scania-300x56.png\" class=\"attachment-medium size-medium wp-image-1372\" alt=\"\" srcset=\"https:\/\/mwmcompany.pl\/wp-content\/uploads\/2025\/03\/Scania-300x56.png 300w, https:\/\/mwmcompany.pl\/wp-content\/uploads\/2025\/03\/Scania-18x3.png 18w, https:\/\/mwmcompany.pl\/wp-content\/uploads\/2025\/03\/Scania.png 320w\" sizes=\"(max-width: 300px) 100vw, 300px\" \/>\t\t\t\t\t\t\t\t\t\t\t\t\t<\/div>\n\t\t\t\t<\/div>\n\t\t\t\t<div class=\"elementor-element elementor-element-2a11f9c6 elementor-widget elementor-widget-heading\" data-id=\"2a11f9c6\" data-element_type=\"widget\" data-widget_type=\"heading.default\">\n\t\t\t\t<div class=\"elementor-widget-container\">\n\t\t\t<style>\/*! elementor - v3.22.0 - 26-06-2024 *\/\n.elementor-heading-title{padding:0;margin:0;line-height:1}.elementor-widget-heading .elementor-heading-title[class*=elementor-size-]>a{color:inherit;font-size:inherit;line-height:inherit}.elementor-widget-heading .elementor-heading-title.elementor-size-small{font-size:15px}.elementor-widget-heading .elementor-heading-title.elementor-size-medium{font-size:19px}.elementor-widget-heading .elementor-heading-title.elementor-size-large{font-size:29px}.elementor-widget-heading .elementor-heading-title.elementor-size-xl{font-size:39px}.elementor-widget-heading .elementor-heading-title.elementor-size-xxl{font-size:59px}<\/style><h2 class=\"elementor-heading-title elementor-size-default\">Firma, kt\u00f3rej ufamy<\/h2>\t\t<\/div>\n\t\t\t\t<\/div>\n\t\t\t\t<div class=\"elementor-element elementor-element-7e12749c elementor-widget elementor-widget-text-editor\" data-id=\"7e12749c\" data-element_type=\"widget\" data-widget_type=\"text-editor.default\">\n\t\t\t\t<div class=\"elementor-widget-container\">\n\t\t\t<style>\/*! elementor - v3.22.0 - 26-06-2024 *\/\n.elementor-widget-text-editor.elementor-drop-cap-view-stacked .elementor-drop-cap{background-color:#69727d;color:#fff}.elementor-widget-text-editor.elementor-drop-cap-view-framed .elementor-drop-cap{color:#69727d;border:3px solid;background-color:transparent}.elementor-widget-text-editor:not(.elementor-drop-cap-view-default) .elementor-drop-cap{margin-top:8px}.elementor-widget-text-editor:not(.elementor-drop-cap-view-default) .elementor-drop-cap-letter{width:1em;height:1em}.elementor-widget-text-editor .elementor-drop-cap{float:left;text-align:center;line-height:1;font-size:50px}.elementor-widget-text-editor .elementor-drop-cap-letter{display:inline-block}<\/style>\t\t\t\t<p class=\"MsoNormal\"><span lang=\"EN-GB\">Nasza oferta obejmuje ci\u0119\u017car\u00f3wki i autobusy do zastosowa\u0144 w transporcie ci\u0119\u017ckim,  \nw po\u0142\u0105czeniu z rozbudowan\u0105 ofert\u0105 us\u0142ug powi\u0105zanych z produktami. Scania oferuje  \nfinansowanie pojazd\u00f3w, ubezpieczenia i us\u0142ugi wynajmu, aby wspiera\u0107 naszych klient\u00f3w.  \nScania jest r\u00f3wnie\u017c wiod\u0105cym dostawc\u0105 silnik\u00f3w przemys\u0142owych i morskich.\u00a0<\/span><\/p>\t\t\t\t\t\t<\/div>\n\t\t\t\t<\/div>\n\t\t\t\t<div class=\"elementor-element elementor-element-40fd06d6 elementor-mobile-align-center elementor-align-center elementor-widget elementor-widget-button\" data-id=\"40fd06d6\" data-element_type=\"widget\" data-widget_type=\"button.default\">\n\t\t\t\t<div class=\"elementor-widget-container\">\n\t\t\t\t\t<div class=\"elementor-button-wrapper\">\n\t\t\t<a class=\"elementor-button elementor-button-link elementor-size-md elementor-animation-float\" href=\"https:\/\/etrucksystems.com\/nr-czesci\/scania?ps=on\">\n\t\t\t\t\t\t<span class=\"elementor-button-content-wrapper\">\n\t\t\t\t\t\t\t\t\t<span class=\"elementor-button-text\">Przejd\u017a do listy produkt\u00f3w<\/span>\n\t\t\t\t\t<\/span>\n\t\t\t\t\t<\/a>\n\t\t<\/div>\n\t\t\t\t<\/div>\n\t\t\t\t<\/div>\n\t\t\t\t\t<\/div>\n\t\t<\/div>\n\t\t\t\t\t<\/div>\n\t\t<\/section>\n\t\t\t\t<section class=\"elementor-section elementor-top-section elementor-element elementor-element-02a80e3 elementor-section-boxed elementor-section-height-default elementor-section-height-default\" data-id=\"02a80e3\" data-element_type=\"section\">\n\t\t\t\t\t\t<div class=\"elementor-container elementor-column-gap-default\">\n\t\t\t\t\t<div class=\"elementor-column elementor-col-100 elementor-top-column elementor-element elementor-element-a1820be\" data-id=\"a1820be\" data-element_type=\"column\">\n\t\t\t<div class=\"elementor-widget-wrap elementor-element-populated\">\n\t\t\t\t\t\t<div class=\"elementor-element elementor-element-f6f0da3 elementor-widget elementor-widget-heading\" data-id=\"f6f0da3\" data-element_type=\"widget\" data-widget_type=\"heading.default\">\n\t\t\t\t<div class=\"elementor-widget-container\">\n\t\t\t<h2 class=\"elementor-heading-title elementor-size-default\">The brands we <span style=\"color: var( --e-global-color-primary );\">also<\/span><span style=\"color: var( --e-global-color-primary ); font-style: inherit;\"> sell<\/span><span style=\"color: var( --e-global-color-primary ); font-style: inherit;\"><\/span><br><\/h2>\t\t<\/div>\n\t\t\t\t<\/div>\n\t\t\t\t<div class=\"elementor-element elementor-element-032c4fd elementor-widget elementor-widget-html\" data-id=\"032c4fd\" data-element_type=\"widget\" data-widget_type=\"html.default\">\n\t\t\t\t<div class=\"elementor-widget-container\">\n\t\t\t<style>\r\n    .producers-container {\r\n        max-width: 1200px;\r\n        margin: 0 auto;\r\n        padding: 20px;\r\n    }\r\n    \r\n    .producers-grid {\r\n        display: flex;\r\n        flex-wrap: wrap;\r\n        justify-content: center;\r\n        gap: 20px;\r\n        text-align: center;\r\n    }\r\n    \r\n    .producer-link {\r\n        text-decoration: none;\r\n        padding: 10px 20px;\r\n        color: #fff;\r\n        transition: all 0.3s ease;\r\n        background: transparent;\r\n        display: flex;\r\n        align-items: center;\r\n        justify-content: center;\r\n    }\r\n    \r\n    .producer-link h3 {\r\n        margin: 0;\r\n        color: #FFF;\r\n    }\r\n    \r\n    .producer-link:hover {\r\n        color: #1B1B1B;\r\n        background-color: #fff;\r\n    }\r\n    \r\n    .producer-link:hover h3 {\r\n        color: #1B1B1B;\r\n        font-weight: bold;\r\n    }\r\n    \r\n    @media (max-width: 768px) {\r\n        .producer-link h3 {\r\n            font-size: 20px;\r\n        }\r\n    }\r\n    <\/style>\r\n    \r\n    <div class=\"producers-container\">\r\n        <div class=\"producers-grid\">\r\n            <a href=\"https:\/\/mwmcompany.pl\/pl\/wabco\/\" class=\"producer-link\"><h3>WABCO<\/h3><\/a>\r\n            <a href=\"https:\/\/mwmcompany.pl\/pl\/bosch\/\" class=\"producer-link\"><h3>BOSCH<\/h3><\/a>\r\n            <a href=\"https:\/\/mwmcompany.pl\/pl\/knorr-bremse\/\" class=\"producer-link\"><h3>KNORR-BREMSE<\/h3><\/a>\r\n            <a href=\"https:\/\/mwmcompany.pl\/pl\/eberspacher\/\" class=\"producer-link\"><h3>EBERSPACHER<\/h3><\/a>\r\n            <a href=\"https:\/\/mwmcompany.pl\/pl\/fleetguard\/\" class=\"producer-link\"><h3>FLEETGUARD<\/h3><\/a>\r\n            <a href=\"https:\/\/mwmcompany.pl\/pl\/man\/\" class=\"producer-link\"><h3>MAN<\/h3><\/a>\r\n            <a href=\"https:\/\/mwmcompany.pl\/pl\/mercedes-benz\/\" class=\"producer-link\"><h3>MERCEDES-BENZ<\/h3><\/a>\r\n            <a href=\"https:\/\/mwmcompany.pl\/pl\/iveco\/\" class=\"producer-link\"><h3>IVECO<\/h3><\/a>\r\n            <a href=\"https:\/\/mwmcompany.pl\/pl\/daf\/\" class=\"producer-link\"><h3>DAF<\/h3><\/a>\r\n            <a href=\"https:\/\/mwmcompany.pl\/pl\/volvo\/\" class=\"producer-link\"><h3>VOLVO<\/h3><\/a>\r\n            <a href=\"https:\/\/mwmcompany.pl\/pl\/renault-trucks\/\" class=\"producer-link\"><h3>RENAULT TRUCKS<\/h3><\/a>\r\n            <a href=\"https:\/\/mwmcompany.pl\/pl\/solaris\/\" class=\"producer-link\"><h3>SOLARIS<\/h3><\/a>\r\n            <a href=\"https:\/\/mwmcompany.pl\/pl\/bmw\/\" class=\"producer-link\"><h3>BMW<\/h3><\/a>\r\n            <a href=\"https:\/\/mwmcompany.pl\/pl\/provia\/\" class=\"producer-link\"><h3>PROVIA<\/h3><\/a>\r\n            <a href=\"https:\/\/mwmcompany.pl\/pl\/zf\/\" class=\"producer-link\"><h3>ZF<\/h3><\/a>\r\n            <a href=\"https:\/\/mwmcompany.pl\/pl\/zf\/\" class=\"producer-link\"><h3>LEMFORDER<\/h3><\/a>\r\n            <a href=\"https:\/\/mwmcompany.pl\/pl\/zf\/\" class=\"producer-link\"><h3>SACHS<\/h3><\/a>\r\n            <a href=\"https:\/\/mwmcompany.pl\/pl\/zf\/\" class=\"producer-link\"><h3>TRW<\/h3><\/a>\r\n            <a href=\"https:\/\/mwmcompany.pl\/pl\/zf\/\" class=\"producer-link\"><h3>BOGE<\/h3><\/a>\r\n            <a href=\"https:\/\/mwmcompany.pl\/pl\/meritor\/\" class=\"producer-link\"><h3>MERITOR<\/h3><\/a>\r\n        <\/div>\r\n    <\/div>\r\n    \t\t<\/div>\n\t\t\t\t<\/div>\n\t\t\t\t\t<\/div>\n\t\t<\/div>\n\t\t\t\t\t<\/div>\n\t\t<\/section>\n\t\t\t\t<\/div>","protected":false},"excerpt":{"rendered":"<p>A company we trust Our offering includes trucks and buses for heavy transport applications combined with an extensive product-related service offering. Scania offers vehicle financing, insurance, and rental services to enable our customers. Scania is also a leading provider of industrial and marine engines.\u00a0 Go to products The brands we also sell WABCO BOSCH KNORR-BREMSE [&hellip;]<\/p>","protected":false},"author":1,"featured_media":0,"parent":0,"menu_order":0,"comment_status":"closed","ping_status":"closed","template":"","meta":{"site-sidebar-layout":"no-sidebar","site-content-layout":"page-builder","ast-site-content-layout":"full-width-container","site-content-style":"default","site-sidebar-style":"default","ast-global-header-display":"","ast-banner-title-visibility":"","ast-main-header-display":"","ast-hfb-above-header-display":"","ast-hfb-below-header-display":"","ast-hfb-mobile-header-display":"","site-post-title":"disabled","ast-breadcrumbs-content":"","ast-featured-img":"disabled","footer-sml-layout":"","theme-transparent-header-meta":"","adv-header-id-meta":"","stick-header-meta":"","header-above-stick-meta":"","header-main-stick-meta":"","header-below-stick-meta":"","astra-migrate-meta-layouts":"set","ast-page-background-enabled":"default","ast-page-background-meta":{"desktop":{"background-color":"var(--ast-global-color-4)","background-image":"","background-repeat":"repeat","background-position":"center center","background-size":"auto","background-attachment":"scroll","background-type":"","background-media":"","overlay-type":"","overlay-color":"","overlay-opacity":"","overlay-gradient":""},"tablet":{"background-color":"","background-image":"","background-repeat":"repeat","background-position":"center center","background-size":"auto","background-attachment":"scroll","background-type":"","background-media":"","overlay-type":"","overlay-color":"","overlay-opacity":"","overlay-gradient":""},"mobile":{"background-color":"","background-image":"","background-repeat":"repeat","background-position":"center center","background-size":"auto","background-attachment":"scroll","background-type":"","background-media":"","overlay-type":"","overlay-color":"","overlay-opacity":"","overlay-gradient":""}},"ast-content-background-meta":{"desktop":{"background-color":"var(--ast-global-color-5)","background-image":"","background-repeat":"repeat","background-position":"center center","background-size":"auto","background-attachment":"scroll","background-type":"","background-media":"","overlay-type":"","overlay-color":"","overlay-opacity":"","overlay-gradient":""},"tablet":{"background-color":"var(--ast-global-color-5)","background-image":"","background-repeat":"repeat","background-position":"center center","background-size":"auto","background-attachment":"scroll","background-type":"","background-media":"","overlay-type":"","overlay-color":"","overlay-opacity":"","overlay-gradient":""},"mobile":{"background-color":"var(--ast-global-color-5)","background-image":"","background-repeat":"repeat","background-position":"center center","background-size":"auto","background-attachment":"scroll","background-type":"","background-media":"","overlay-type":"","overlay-color":"","overlay-opacity":"","overlay-gradient":""}},"footnotes":""},"_links":{"self":[{"href":"https:\/\/mwmcompany.pl\/pl\/wp-json\/wp\/v2\/pages\/1086"}],"collection":[{"href":"https:\/\/mwmcompany.pl\/pl\/wp-json\/wp\/v2\/pages"}],"about":[{"href":"https:\/\/mwmcompany.pl\/pl\/wp-json\/wp\/v2\/types\/page"}],"author":[{"embeddable":true,"href":"https:\/\/mwmcompany.pl\/pl\/wp-json\/wp\/v2\/users\/1"}],"replies":[{"embeddable":true,"href":"https:\/\/mwmcompany.pl\/pl\/wp-json\/wp\/v2\/comments?post=1086"}],"version-history":[{"count":16,"href":"https:\/\/mwmcompany.pl\/pl\/wp-json\/wp\/v2\/pages\/1086\/revisions"}],"predecessor-version":[{"id":1375,"href":"https:\/\/mwmcompany.pl\/pl\/wp-json\/wp\/v2\/pages\/1086\/revisions\/1375"}],"wp:attachment":[{"href":"https:\/\/mwmcompany.pl\/pl\/wp-json\/wp\/v2\/media?parent=1086"}],"curies":[{"name":"wp","href":"https:\/\/api.w.org\/{rel}","templated":true}]}}